{"id":32517,"date":"2025-07-08T12:13:29","date_gmt":"2025-07-08T16:13:29","guid":{"rendered":"https:\/\/www.nwcmotorsports.ca\/?page_id=32517"},"modified":"2025-07-15T11:55:13","modified_gmt":"2025-07-15T15:55:13","slug":"listings","status":"publish","type":"page","link":"https:\/\/www.nwcmotorsports.ca\/en\/listings\/","title":{"rendered":"Listings"},"content":{"rendered":"<table border=\"1\">\n<thead>\n<tr>\n<th>ID<\/th>\n<th>Communaut\u00e9<\/th>\n<th>Enseigne<\/th>\n<th>Adresse<\/th>\n<th>Ville<\/th>\n<th>T\u00e9l\u00e9phone<\/th>\n<\/tr>\n<\/thead>\n<tbody>\n<tr>\n<td>100<\/td>\n<td>Aklavik<\/td>\n<td>Northern<\/td>\n<td>1 Gardlund Road<\/td>\n<td>Aklavik<\/td>\n<td>867-978-2501<\/td>\n<\/tr>\n<tr>\n<td>102<\/td>\n<td>Fort Albany<\/td>\n<td>Northern<\/td>\n<td>20 Nisha Road<\/td>\n<td>Fort Albany<\/td>\n<td>705-278-3385<\/td>\n<\/tr>\n<tr>\n<td>103<\/td>\n<td>Akulivik<\/td>\n<td>Northern<\/td>\n<td>PO Box 200<\/td>\n<td>Akulivik<\/td>\n<td>819-496-2747<\/td>\n<\/tr>\n<tr>\n<td>104<\/td>\n<td>Arctic Bay (Ikpiarjuk)<\/td>\n<td>Northern<\/td>\n<td>PO Box 30<\/td>\n<td>Arctic Bay<\/td>\n<td>867-439-9914<\/td>\n<\/tr>\n<tr>\n<td>106<\/td>\n<td>Attawapiskat<\/td>\n<td>Northern<\/td>\n<td>6 Airport Road, Attawapiskat Development Corporation, North Ave<\/td>\n<td>Attawapiskat<\/td>\n<td>705-997-2130<\/td>\n<\/tr>\n<tr>\n<td>120<\/td>\n<td>Baker Lake (Qamani&#8217;tuaq)<\/td>\n<td>Northern<\/td>\n<td>PO Box 60<\/td>\n<td>Baker Lake<\/td>\n<td>867-793-2920<\/td>\n<\/tr>\n<tr>\n<td>124<\/td>\n<td>Bearskin Lake<\/td>\n<td>Northern<\/td>\n<td>General Delivery<\/td>\n<td>Bearskin Lake<\/td>\n<td>807-363-2597<\/td>\n<\/tr>\n<tr>\n<td>126<\/td>\n<td>Beauval<\/td>\n<td>Northern<\/td>\n<td>Petersen St<\/td>\n<td>Beauval<\/td>\n<td>306-288-2002<\/td>\n<\/tr>\n<tr>\n<td>128<\/td>\n<td>Berens River (Mememwi-ziibiingn)<\/td>\n<td>Northern<\/td>\n<td>General Delivery<\/td>\n<td>Berens River<\/td>\n<td>204-382-2118<\/td>\n<\/tr>\n<tr>\n<td>132<\/td>\n<td>Black Lake<\/td>\n<td>Northern<\/td>\n<td>PO Box 216<\/td>\n<td>Black Lake<\/td>\n<td>306-284-2122<\/td>\n<\/tr>\n<tr>\n<td>138<\/td>\n<td>Brochet (Kisipakamak)<\/td>\n<td>Northern<\/td>\n<td>138 Lakeshore Drive<\/td>\n<td>Brochet<\/td>\n<td>204-323-2099<\/td>\n<\/tr>\n<tr>\n<td>140<\/td>\n<td>Qikiqtarjuaq<\/td>\n<td>Northern<\/td>\n<td>General Delivery<\/td>\n<td>Qikiqtarjuaq<\/td>\n<td>867-927-8917<\/td>\n<\/tr>\n<tr>\n<td>142<\/td>\n<td>Buffalo Narrows<\/td>\n<td>Northern<\/td>\n<td>General Delivery<\/td>\n<td>Buffalo Narrows<\/td>\n<td>306-235-4396<\/td>\n<\/tr>\n<tr>\n<td>150<\/td>\n<td>Cambridge Bay (Ikaliuktutiak)<\/td>\n<td>Northern<\/td>\n<td>13 Mitik St.<\/td>\n<td>Cambridge Bay<\/td>\n<td>867-983-2571<\/td>\n<\/tr>\n<tr>\n<td>152<\/td>\n<td>Kinngait (Cape Dorset)<\/td>\n<td>Northern<\/td>\n<td>PO Box 90<\/td>\n<td>Cape Dorset<\/td>\n<td>867-897-8811<\/td>\n<\/tr>\n<tr>\n<td>154<\/td>\n<td>Cartwright<\/td>\n<td>Northern<\/td>\n<td>PO Box 210, 1 Point Road<\/td>\n<td>Cartwright<\/td>\n<td>709-938-7232<\/td>\n<\/tr>\n<tr>\n<td>156<\/td>\n<td>Cat Lake<\/td>\n<td>Northern<\/td>\n<td>General Delivery<\/td>\n<td>Cat Lake<\/td>\n<td>807-347-2111<\/td>\n<\/tr>\n<tr>\n<td>158<\/td>\n<td>Chesterfield Inlet (Igluligaarjuk)<\/td>\n<td>Northern<\/td>\n<td>P.O. Box 8<\/td>\n<td>Chesterfield Inlet<\/td>\n<td>867-898-9500<\/td>\n<\/tr>\n<tr>\n<td>164<\/td>\n<td>Chisasibi<\/td>\n<td>Northern<\/td>\n<td>15 Maamauu Road<\/td>\n<td>Chisasibi<\/td>\n<td>819-855-2810<\/td>\n<\/tr>\n<tr>\n<td>166<\/td>\n<td>Churchill<\/td>\n<td>Northern<\/td>\n<td>PO Box 188<\/td>\n<td>Churchill<\/td>\n<td>204-675-8891<\/td>\n<\/tr>\n<tr>\n<td>168<\/td>\n<td>Clyde River (Kanggiqtugaapik)<\/td>\n<td>Northern<\/td>\n<td>General Delivery<\/td>\n<td>Clyde River<\/td>\n<td>867-924-6260<\/td>\n<\/tr>\n<tr>\n<td>170<\/td>\n<td>Kugluktuk<\/td>\n<td>Northern<\/td>\n<td>P.O Box 281<\/td>\n<td>Kugluktuk<\/td>\n<td>867-982-4171<\/td>\n<\/tr>\n<tr>\n<td>172<\/td>\n<td>Coral Harbour (Salliq)<\/td>\n<td>Northern<\/td>\n<td>PO Box 90<\/td>\n<td>Coral Harbour<\/td>\n<td>867-925-9920<\/td>\n<\/tr>\n<tr>\n<td>176<\/td>\n<td>Cross Lake (Pimicikamak)<\/td>\n<td>NorthMart<\/td>\n<td>P.O. Box 40<\/td>\n<td>Cross Lake<\/td>\n<td>204-676-2371<\/td>\n<\/tr>\n<tr>\n<td>178<\/td>\n<td>Cumberland House<\/td>\n<td>Northern<\/td>\n<td>PO Box 10<\/td>\n<td>Cumberland House<\/td>\n<td>306-888-2024<\/td>\n<\/tr>\n<tr>\n<td>185<\/td>\n<td>Deer Lake<\/td>\n<td>Northern<\/td>\n<td>General Delivery<\/td>\n<td>Deer Lake<\/td>\n<td>807-775-2474<\/td>\n<\/tr>\n<tr>\n<td>212<\/td>\n<td>Eastmain (Wapanoutauw)<\/td>\n<td>Northern<\/td>\n<td>General Delivery<\/td>\n<td>Eastmain<\/td>\n<td>819-977-0269<\/td>\n<\/tr>\n<tr>\n<td>224<\/td>\n<td>Arviat<\/td>\n<td>Northern<\/td>\n<td>PO Box 360, 606A 3rd Avenue<\/td>\n<td>Arviat<\/td>\n<td>867-857-2826<\/td>\n<\/tr>\n<tr>\n<td>241<\/td>\n<td>Tsiigehtchic<\/td>\n<td>Northern<\/td>\n<td>General Delivery<\/td>\n<td>Tsiigehtchic<\/td>\n<td>867-953-3060<\/td>\n<\/tr>\n<tr>\n<td>242<\/td>\n<td>Fond du Lac<\/td>\n<td>Northern<\/td>\n<td>PO Box 209<\/td>\n<td>Fond du Lac<\/td>\n<td>306-686-2010<\/td>\n<\/tr>\n<tr>\n<td>244<\/td>\n<td>Fort Chipewyan<\/td>\n<td>Northern<\/td>\n<td>PO Box 20<\/td>\n<td>Fort Chipewyan<\/td>\n<td>780-697-3687<\/td>\n<\/tr>\n<tr>\n<td>246<\/td>\n<td>Deline (D\u00e9l\u0131\u0328n\u0119)<\/td>\n<td>Northern<\/td>\n<td>PO Box 176<\/td>\n<td>Deline<\/td>\n<td>867-589-3311<\/td>\n<\/tr>\n<tr>\n<td>248<\/td>\n<td>Fort Good Hope (Radeyilikoe)<\/td>\n<td>Northern<\/td>\n<td>PO Box 21<\/td>\n<td>Fort Good Hope<\/td>\n<td>867-598-2291<\/td>\n<\/tr>\n<tr>\n<td>250<\/td>\n<td>Fort Liard (Acho Dene Koe)<\/td>\n<td>Northern<\/td>\n<td>General Delivery<\/td>\n<td>Fort Liard<\/td>\n<td>867-770-4411<\/td>\n<\/tr>\n<tr>\n<td>252<\/td>\n<td>Fort McPherson (Teet&#8217;lit Zheh)<\/td>\n<td>Northern<\/td>\n<td>General Delivery, PO Box 60<\/td>\n<td>Fort McPherson<\/td>\n<td>867-952-2366<\/td>\n<\/tr>\n<tr>\n<td>256<\/td>\n<td>Tulita<\/td>\n<td>Northern<\/td>\n<td>PO Box 143<\/td>\n<td>Tulita<\/td>\n<td>867-588-4331<\/td>\n<\/tr>\n<tr>\n<td>258<\/td>\n<td>Fort Providence (Zhahti Koe)<\/td>\n<td>Northern<\/td>\n<td>General Delivery<\/td>\n<td>Fort Providence<\/td>\n<td>867-699-4331<\/td>\n<\/tr>\n<tr>\n<td>259<\/td>\n<td>Behchoko (Behchok\u01eb\u0300)<\/td>\n<td>Northern<\/td>\n<td>PO Box 40<\/td>\n<td>Behchoko<\/td>\n<td>867-392-6301<\/td>\n<\/tr>\n<tr>\n<td>260<\/td>\n<td>Fort Resolution (Deninu)<\/td>\n<td>Northern<\/td>\n<td>General Delivery<\/td>\n<td>Fort Resolution<\/td>\n<td>867-394-4171<\/td>\n<\/tr>\n<tr>\n<td>268<\/td>\n<td>Fort Simpson (Liidlii Kue)<\/td>\n<td>Northern<\/td>\n<td>PO Box 346<\/td>\n<td>Fort Simpson<\/td>\n<td>867-695-2391<\/td>\n<\/tr>\n<tr>\n<td>272<\/td>\n<td>Fort Smith (Thebacha)<\/td>\n<td>Fort Smith Northern<\/td>\n<td>PO Box 47<\/td>\n<td>Fort Smith<\/td>\n<td>867-872-2568<\/td>\n<\/tr>\n<tr>\n<td>278<\/td>\n<td>Fox Lake<\/td>\n<td>Northern<\/td>\n<td>General Delivery<\/td>\n<td>Fox Lake<\/td>\n<td>1-780-652-0193<\/td>\n<\/tr>\n<tr>\n<td>294<\/td>\n<td>Gjoa Haven (Uqsuqtuuq)<\/td>\n<td>Northern<\/td>\n<td>General Delivery<\/td>\n<td>Gjoa Haven<\/td>\n<td>Main Store 867-360-7261 \/ C-Store 867-360-6067<\/td>\n<\/tr>\n<tr>\n<td>296<\/td>\n<td>God&#8217;s Lake Narrows<\/td>\n<td>Northern<\/td>\n<td>General Delivery<\/td>\n<td>Gods Narrows<\/td>\n<td>204-335-2323<\/td>\n<\/tr>\n<tr>\n<td>300<\/td>\n<td>Manto Sipi (Gods River)<\/td>\n<td>Northern<\/td>\n<td>General Delivery<\/td>\n<td>Gods River<\/td>\n<td>204-366-2182<\/td>\n<\/tr>\n<tr>\n<td>310<\/td>\n<td>Sanirajak (Hall Beach)<\/td>\n<td>Northern<\/td>\n<td>PO Box 35<\/td>\n<td>Hall Beach<\/td>\n<td>867-928-8875<\/td>\n<\/tr>\n<tr>\n<td>324<\/td>\n<td>Ulukhaktok<\/td>\n<td>Northern<\/td>\n<td>PO Box 158<\/td>\n<td>Holman Island<\/td>\n<td>867-396-3121<\/td>\n<\/tr>\n<tr>\n<td>340<\/td>\n<td>Igloolik (Iglulik)<\/td>\n<td>Northern<\/td>\n<td>PO Box 90<\/td>\n<td>Igloolik<\/td>\n<td>867-934-8822<\/td>\n<\/tr>\n<tr>\n<td>344<\/td>\n<td>\u00cele-\u00e0-la-Crosse<\/td>\n<td>Northern<\/td>\n<td>General Delivery<\/td>\n<td>\u00cele-\u00e0-la-Crosse<\/td>\n<td>306-833-2188<\/td>\n<\/tr>\n<tr>\n<td>346<\/td>\n<td>Inukjuak<\/td>\n<td>Northern<\/td>\n<td>General Delivery<\/td>\n<td>Inukjuak<\/td>\n<td>819-254-8824<\/td>\n<\/tr>\n<tr>\n<td>348<\/td>\n<td>Inuvik<\/td>\n<td>Inuvik NorthMart<\/td>\n<td>160 Mackenzie Rd<\/td>\n<td>Inuvik<\/td>\n<td>867-777-2582<\/td>\n<\/tr>\n<tr>\n<td>354<\/td>\n<td>Garden Hill (Kistiganwacheeng)<\/td>\n<td>Northern<\/td>\n<td>PO Box 583<\/td>\n<td>Island Lake<\/td>\n<td>204-456-2333<\/td>\n<\/tr>\n<tr>\n<td>370<\/td>\n<td>Kangiqsujuaq<\/td>\n<td>Northern<\/td>\n<td>General Delivery<\/td>\n<td>Kangiqsujuaq<\/td>\n<td>819-338-3222<\/td>\n<\/tr>\n<tr>\n<td>371<\/td>\n<td>Kangiqsualujjuaq<\/td>\n<td>Northern<\/td>\n<td>PO Box 220<\/td>\n<td>Kangiqsualujjuaq<\/td>\n<td>819-337-5275<\/td>\n<\/tr>\n<tr>\n<td>372<\/td>\n<td>Kangirsuk (Kangirsuq)<\/td>\n<td>Northern<\/td>\n<td>General Delivery<\/td>\n<td>Kangirsuk<\/td>\n<td>819-935-4384<\/td>\n<\/tr>\n<tr>\n<td>373<\/td>\n<td>Kasabonika<\/td>\n<td>Northern<\/td>\n<td>PO Box 125<\/td>\n<td>Kasabonika<\/td>\n<td>807-535-2624<\/td>\n<\/tr>\n<tr>\n<td>376<\/td>\n<td>Kashechewan (Keeshechewan)<\/td>\n<td>Northern<\/td>\n<td>General Delivery<\/td>\n<td>Kashechewan<\/td>\n<td>705-275-4574<\/td>\n<\/tr>\n<tr>\n<td>377<\/td>\n<td>Keewaywin<\/td>\n<td>Northern<\/td>\n<td>General Delivery<\/td>\n<td>Keewaywin<\/td>\n<td>807-771-1124<\/td>\n<\/tr>\n<tr>\n<td>378<\/td>\n<td>Kuujjuaq<\/td>\n<td>Northern<\/td>\n<td>PO Box 390<\/td>\n<td>Kuujjuaq<\/td>\n<td>819-964-2877<\/td>\n<\/tr>\n<tr>\n<td>382<\/td>\n<td>Kuujjuaraapik<\/td>\n<td>Northern<\/td>\n<td>General Delivery<\/td>\n<td>Kuujjuaraapik<\/td>\n<td>819-929-3485<\/td>\n<\/tr>\n<tr>\n<td>386<\/td>\n<td>Kugaaruk<\/td>\n<td>Northern<\/td>\n<td>PO Box 357<\/td>\n<td>Kugaaruk<\/td>\n<td>867-794-4785<\/td>\n<\/tr>\n<tr>\n<td>397<\/td>\n<td>Lac Brochet (Dahlu T&#8217;ua)<\/td>\n<td>Northern<\/td>\n<td>General Delivery<\/td>\n<td>Lac Brochet<\/td>\n<td>204-337-2160<\/td>\n<\/tr>\n<tr>\n<td>406<\/td>\n<td>Kimmirut<\/td>\n<td>Northern<\/td>\n<td>General Delivery<\/td>\n<td>Kimmirut<\/td>\n<td>867-939-2242<\/td>\n<\/tr>\n<tr>\n<td>408<\/td>\n<td>Neskantaga (Lansdowne House)<\/td>\n<td>Northern<\/td>\n<td>PO Box 108<\/td>\n<td>Lansdowne House<\/td>\n<td>807-479-2554<\/td>\n<\/tr>\n<tr>\n<td>412<\/td>\n<td>Little Grand Rapids (Mishi-baawitigong)<\/td>\n<td>Northern<\/td>\n<td>General Delivery<\/td>\n<td>Little Grand Rapids<\/td>\n<td>204-397-2038<\/td>\n<\/tr>\n<tr>\n<td>418<\/td>\n<td>Lynn Lake (Marcel Colomb)<\/td>\n<td>Northern<\/td>\n<td>General Delivery<\/td>\n<td>Lynn Lake<\/td>\n<td>204-356-2272<\/td>\n<\/tr>\n<tr>\n<td>443<\/td>\n<td>Moose Lake (Mosakahiken)<\/td>\n<td>Northern<\/td>\n<td>110 Souris Avenue<\/td>\n<td>Moose Lake<\/td>\n<td>204-678-2212<\/td>\n<\/tr>\n<tr>\n<td>444<\/td>\n<td>Moose Factory<\/td>\n<td>Northern<\/td>\n<td>675-15th Street W.<\/td>\n<td>Moose Factory<\/td>\n<td>705-658-4522<\/td>\n<\/tr>\n<tr>\n<td>446<\/td>\n<td>Moosonee<\/td>\n<td>Northern<\/td>\n<td>1441 Main Street<\/td>\n<td>Moosonee<\/td>\n<td>Northern Grocery Store: 705-336-2280 | Pharmacy: 705-336-3391 | Quick Stop: 705-336-3144<\/td>\n<\/tr>\n<tr>\n<td>458<\/td>\n<td>Nain (Nunajnguk)<\/td>\n<td>Nain Northern<\/td>\n<td>General Delivery<\/td>\n<td>Nain<\/td>\n<td>709-922-2832<\/td>\n<\/tr>\n<tr>\n<td>468<\/td>\n<td>Norman Wells (Tlegohli)<\/td>\n<td>Northern<\/td>\n<td>PO Box 9000<\/td>\n<td>Norman Wells<\/td>\n<td>867-587-2345<\/td>\n<\/tr>\n<tr>\n<td>474<\/td>\n<td>Norway House (Kinosao Sipi)<\/td>\n<td>Norway House Northern<\/td>\n<td>General Delivery<\/td>\n<td>Norway House<\/td>\n<td>204-359-6258<\/td>\n<\/tr>\n<tr>\n<td>494<\/td>\n<td>Oxford House (Bunibonibee)<\/td>\n<td>Northern<\/td>\n<td>General Delivery<\/td>\n<td>Oxford House<\/td>\n<td>204-538-2359<\/td>\n<\/tr>\n<tr>\n<td>510<\/td>\n<td>Pangnirtung (Panniqtuuq)<\/td>\n<td>Northern<\/td>\n<td>PO Box 153<\/td>\n<td>Pangnirtung<\/td>\n<td>867-473-8935<\/td>\n<\/tr>\n<tr>\n<td>512<\/td>\n<td>Patuanak<\/td>\n<td>Northern<\/td>\n<td>General Delivery<\/td>\n<td>Patuanak<\/td>\n<td>306-396-2103<\/td>\n<\/tr>\n<tr>\n<td>514<\/td>\n<td>Paulatuk (Paulatuuq)<\/td>\n<td>Northern<\/td>\n<td>PO Box 113<\/td>\n<td>Paulatuk<\/td>\n<td>867-580-3026<\/td>\n<\/tr>\n<tr>\n<td>515<\/td>\n<td>Pauingassi<\/td>\n<td>Northern<\/td>\n<td>General Delivery<\/td>\n<td>Pauingassi<\/td>\n<td>204-397-2116<\/td>\n<\/tr>\n<tr>\n<td>516<\/td>\n<td>Pelican Narrows<\/td>\n<td>Northern<\/td>\n<td>PO Box 330<\/td>\n<td>Pelican Narrows<\/td>\n<td>306-632-2167<\/td>\n<\/tr>\n<tr>\n<td>517<\/td>\n<td>Peawanuck<\/td>\n<td>Northern<\/td>\n<td>General Delivery<\/td>\n<td>Peawanuck<\/td>\n<td>705-473-9900<\/td>\n<\/tr>\n<tr>\n<td>520<\/td>\n<td>Pickle Lake<\/td>\n<td>Northern<\/td>\n<td>General Delivery<\/td>\n<td>Pickle Lake<\/td>\n<td>807-928-2071<\/td>\n<\/tr>\n<tr>\n<td>522<\/td>\n<td>Pikangikum<\/td>\n<td>Northern<\/td>\n<td>General Delivery<\/td>\n<td>Pikangikum<\/td>\n<td>807-773-1180<\/td>\n<\/tr>\n<tr>\n<td>528<\/td>\n<td>Pond Inlet (Mittimatalik)<\/td>\n<td>Northern<\/td>\n<td>General Delivery<\/td>\n<td>Pond Inlet<\/td>\n<td>867-899-8848<\/td>\n<\/tr>\n<tr>\n<td>529<\/td>\n<td>Poplar Hill<\/td>\n<td>Northern<\/td>\n<td>General Delivery<\/td>\n<td>Poplar Hill<\/td>\n<td>807-772-8844<\/td>\n<\/tr>\n<tr>\n<td>530<\/td>\n<td>Poplar River (Azaadiwi-ziibiing \/ Mitasosipi)<\/td>\n<td>Northern<\/td>\n<td>General Delivery<\/td>\n<td>Poplar River<\/td>\n<td>204-244-2137<\/td>\n<\/tr>\n<tr>\n<td>532<\/td>\n<td>La Loche<\/td>\n<td>Northern<\/td>\n<td>General Delivery<\/td>\n<td>Portage La Loche<\/td>\n<td>306-822-2008<\/td>\n<\/tr>\n<tr>\n<td>534<\/td>\n<td>Puvirnituq<\/td>\n<td>Northern<\/td>\n<td>General Delivery<\/td>\n<td>Puvirnituq<\/td>\n<td>819-988-2920<\/td>\n<\/tr>\n<tr>\n<td>536<\/td>\n<td>Pukatawagan (Mathias Colomb)<\/td>\n<td>Northern<\/td>\n<td>General Delivery<\/td>\n<td>Pukatawagan<\/td>\n<td>204-553-2248<\/td>\n<\/tr>\n<tr>\n<td>550<\/td>\n<td>Radisson<\/td>\n<td>Northern<\/td>\n<td>57 Des Groseillers<\/td>\n<td>Radisson<\/td>\n<td>819-638-7255<\/td>\n<\/tr>\n<tr>\n<td>552<\/td>\n<td>Rankin Inlet (Kangiqliniq)<\/td>\n<td>Rankin Northern<\/td>\n<td>PO Box 70<\/td>\n<td>Rankin Inlet<\/td>\n<td>867-645-2823<\/td>\n<\/tr>\n<tr>\n<td>558<\/td>\n<td>Red Sucker Lake (Mithkwamepin Thaakkahikan)<\/td>\n<td>Northern<\/td>\n<td>General Delivery<\/td>\n<td>Red Sucker Lake<\/td>\n<td>204-469-5392<\/td>\n<\/tr>\n<tr>\n<td>560<\/td>\n<td>Naujaat<\/td>\n<td>Northern<\/td>\n<td>PO Box 40<\/td>\n<td>Repulse Bay<\/td>\n<td>867-462-9923<\/td>\n<\/tr>\n<tr>\n<td>564<\/td>\n<td>Rigolet (Kikiak)<\/td>\n<td>Northern<\/td>\n<td>General Delivery<\/td>\n<td>Rigolet<\/td>\n<td>709-947-3470<\/td>\n<\/tr>\n<tr>\n<td>568<\/td>\n<td>La Romaine<\/td>\n<td>Northern<\/td>\n<td>47 CH De Gethsemani<\/td>\n<td>La Romaine<\/td>\n<td>418-229-2144<\/td>\n<\/tr>\n<tr>\n<td>570<\/td>\n<td>Rossville<\/td>\n<td>Rossville Northern<\/td>\n<td>PO Box 160<\/td>\n<td>Norway House<\/td>\n<td>204-359-6222<\/td>\n<\/tr>\n<tr>\n<td>572<\/td>\n<td>Weagamow Lake<\/td>\n<td>Northern<\/td>\n<td>General Delivery<\/td>\n<td>Weagamow Lake<\/td>\n<td>807-469-5241<\/td>\n<\/tr>\n<tr>\n<td>578<\/td>\n<td>Sachigo Lake<\/td>\n<td>Northern<\/td>\n<td>General Delivery<\/td>\n<td>Sachigo Lake<\/td>\n<td>807-595-2513<\/td>\n<\/tr>\n<tr>\n<td>582<\/td>\n<td>St. Theresa Point (Minithayinikam)<\/td>\n<td>Northern<\/td>\n<td>General Delivery<\/td>\n<td>St. Theresa Point<\/td>\n<td>204-462-2681 \/ 204-462-2673 \/ 204-462-2012<\/td>\n<\/tr>\n<tr>\n<td>584<\/td>\n<td>Salluit<\/td>\n<td>Northern<\/td>\n<td>General Delivery<\/td>\n<td>Salluit<\/td>\n<td>819-255-8949<\/td>\n<\/tr>\n<tr>\n<td>588<\/td>\n<td>Sandy Lake<\/td>\n<td>Northern<\/td>\n<td>General Delivery<\/td>\n<td>Sandy Lake<\/td>\n<td>807-774-4451<\/td>\n<\/tr>\n<tr>\n<td>590<\/td>\n<td>Sanikiluaq<\/td>\n<td>Northern<\/td>\n<td>General Delivery<\/td>\n<td>Sanikiluaq<\/td>\n<td>867-266-8836<\/td>\n<\/tr>\n<tr>\n<td>591<\/td>\n<td>Sapotaweyak<\/td>\n<td>Northern<\/td>\n<td>General Delivery<\/td>\n<td>Sapotaweyak<\/td>\n<td>204-587-2281<\/td>\n<\/tr>\n<tr>\n<td>592<\/td>\n<td>Schefferville<\/td>\n<td>Northern<\/td>\n<td>502 Fleming Road<\/td>\n<td>Schefferville<\/td>\n<td>418-585-2608<\/td>\n<\/tr>\n<tr>\n<td>596<\/td>\n<td>Severn<\/td>\n<td>Northern<\/td>\n<td>PO Box 94<\/td>\n<td>Fort Severn<\/td>\n<td>807-478-2517<\/td>\n<\/tr>\n<tr>\n<td>598<\/td>\n<td>Shamattawa (Kisematawa)<\/td>\n<td>Northern<\/td>\n<td>General Delivery<\/td>\n<td>Shamattawa<\/td>\n<td>204-565-2019<\/td>\n<\/tr>\n<tr>\n<td>599<\/td>\n<td>Sheshatshiu<\/td>\n<td>Northern<\/td>\n<td>1 Northwest River Road<\/td>\n<td>Sheshatshiu<\/td>\n<td><\/td>\n<\/tr>\n<tr>\n<td>606<\/td>\n<td>Southend<\/td>\n<td>Northern<\/td>\n<td>P.O Box 39<\/td>\n<td>Southend<\/td>\n<td>306-758-2081<\/td>\n<\/tr>\n<tr>\n<td>607<\/td>\n<td>South Indian Lake (O-Pipon-Na-Piwin)<\/td>\n<td>Northern<\/td>\n<td>General Delivery<\/td>\n<td>South Indian Lake<\/td>\n<td>204-374-2032<\/td>\n<\/tr>\n<tr>\n<td>608<\/td>\n<td>Taloyoak (Talurjuaq)<\/td>\n<td>Northern<\/td>\n<td>General Delivery<\/td>\n<td>Taloyoak<\/td>\n<td>867-561-5121<\/td>\n<\/tr>\n<tr>\n<td>609<\/td>\n<td>Tadoule Lake (Tes-He-Olie Twe)<\/td>\n<td>Northern<\/td>\n<td>General Delivery<\/td>\n<td>Tadoule Lake<\/td>\n<td>204-684-2300 \/ 204-684-2278<\/td>\n<\/tr>\n<tr>\n<td>610<\/td>\n<td>Tataskweyak (Split Lake)<\/td>\n<td>Northern<\/td>\n<td>General Delivery<\/td>\n<td>Split Lake<\/td>\n<td>204-342-2260<\/td>\n<\/tr>\n<tr>\n<td>612<\/td>\n<td>Stanley Mission<\/td>\n<td>Northern<\/td>\n<td>PO Box 10<\/td>\n<td>Stanley Mission<\/td>\n<td>306-635-2011<\/td>\n<\/tr>\n<tr>\n<td>614<\/td>\n<td>Stony Rapids<\/td>\n<td>Northern<\/td>\n<td>General Delivery<\/td>\n<td>Stony Rapids<\/td>\n<td>306-439-2101<\/td>\n<\/tr>\n<tr>\n<td>636<\/td>\n<td>Tuktoyaktuk<\/td>\n<td>Northern<\/td>\n<td>PO Box 260<\/td>\n<td>Tuktoyaktuk<\/td>\n<td>867-977-2211<\/td>\n<\/tr>\n<tr>\n<td>645<\/td>\n<td>Umiujaq<\/td>\n<td>Northern<\/td>\n<td>General Delivery<\/td>\n<td>Umiujaq<\/td>\n<td>819-331-7590<\/td>\n<\/tr>\n<tr>\n<td>650<\/td>\n<td>Wasagamack (Waasikamaank)<\/td>\n<td>Northern<\/td>\n<td>Building 2, Harris Blvd, Substation Road<\/td>\n<td>Wasagamack<\/td>\n<td>204-457-2402<\/td>\n<\/tr>\n<tr>\n<td>653<\/td>\n<td>Wabasca<\/td>\n<td>Northern<\/td>\n<td>PO Box 90<\/td>\n<td>Wabasca<\/td>\n<td>780-891-3739<\/td>\n<\/tr>\n<tr>\n<td>654<\/td>\n<td>Waskaganish<\/td>\n<td>Northern<\/td>\n<td>General Delivery<\/td>\n<td>Waskaganish<\/td>\n<td>819-895-8865<\/td>\n<\/tr>\n<tr>\n<td>658<\/td>\n<td>Webequie<\/td>\n<td>Northern<\/td>\n<td>PO Box 118<\/td>\n<td>Webequie<\/td>\n<td>807-353-5261<\/td>\n<\/tr>\n<tr>\n<td>668<\/td>\n<td>Wunnumin Lake<\/td>\n<td>Northern<\/td>\n<td>General Delivery<\/td>\n<td>Wunnumin Lake<\/td>\n<td>807-442-2522<\/td>\n<\/tr>\n<tr>\n<td>669<\/td>\n<td>York Landing (Kischewaskahegan)<\/td>\n<td>Northern<\/td>\n<td>General Delivery<\/td>\n<td>York Landing<\/td>\n<td>204-341-2321<\/td>\n<\/tr>\n<\/tbody>\n<\/table>\n","protected":false},"excerpt":{"rendered":"<p>ID Communaut\u00e9 Enseigne Adresse Ville T\u00e9l\u00e9phone 100 Aklavik Northern 1 Gardlund Road Aklavik 867-978-2501 102 Fort Albany Northern 20 Nisha Road Fort Albany 705-278-3385 103 Akulivik Northern PO Box 200 Akulivik 819-496-2747 104 Arctic Bay (Ikpiarjuk) Northern PO Box 30 Arctic Bay 867-439-9914 106 Attawapiskat Northern 6 Airport Road, Attawapiskat Development Corporation, North Ave Attawapiskat &hellip; <a href=\"https:\/\/www.nwcmotorsports.ca\/en\/listings\/\">Continued<\/a><\/p>\n","protected":false},"author":1,"featured_media":0,"parent":0,"menu_order":0,"comment_status":"closed","ping_status":"closed","template":"template-no-sidebar.php","meta":[],"acf":{"contact_form_custom_form_id":false,"contact_form_custom_html_id":""},"_links":{"self":[{"href":"https:\/\/www.nwcmotorsports.ca\/en\/wp-json\/wp\/v2\/pages\/32517"}],"collection":[{"href":"https:\/\/www.nwcmotorsports.ca\/en\/wp-json\/wp\/v2\/pages"}],"about":[{"href":"https:\/\/www.nwcmotorsports.ca\/en\/wp-json\/wp\/v2\/types\/page"}],"author":[{"embeddable":true,"href":"https:\/\/www.nwcmotorsports.ca\/en\/wp-json\/wp\/v2\/users\/1"}],"replies":[{"embeddable":true,"href":"https:\/\/www.nwcmotorsports.ca\/en\/wp-json\/wp\/v2\/comments?post=32517"}],"version-history":[{"count":5,"href":"https:\/\/www.nwcmotorsports.ca\/en\/wp-json\/wp\/v2\/pages\/32517\/revisions"}],"predecessor-version":[{"id":32549,"href":"https:\/\/www.nwcmotorsports.ca\/en\/wp-json\/wp\/v2\/pages\/32517\/revisions\/32549"}],"wp:attachment":[{"href":"https:\/\/www.nwcmotorsports.ca\/en\/wp-json\/wp\/v2\/media?parent=32517"}],"curies":[{"name":"wp","href":"https:\/\/api.w.org\/{rel}","templated":true}]}}