{"id":309,"date":"2017-11-09T15:15:05","date_gmt":"2017-11-09T20:15:05","guid":{"rendered":"http:\/\/wp-master-powergo.eliappwordpress1sto.elisys-servers.ca\/?page_id=309"},"modified":"2025-04-22T10:31:34","modified_gmt":"2025-04-22T14:31:34","slug":"motocyclettes","status":"publish","type":"page","link":"https:\/\/www.nwcmotorsports.ca\/fr\/motocyclettes\/","title":{"rendered":"Motocyclettes neuves"},"content":{"rendered":"<p>NWC Motorsports est fier de vous offrir la cr\u00e8me de la cr\u00e8me des <strong>v\u00e9hicules de sport motoris\u00e9 neufs<\/strong>! \u00c0 tout moment de l\u2019ann\u00e9e, parcourez la plus grande s\u00e9lection de bolides qui combleront toutes vos envies d\u2019aventure!<\/p>\n<div class=\"textMore\">\n<p>Prenez d\u2019assaut les routes du Qu\u00e9bec \u00e0 bord d\u2019une <strong>motocyclette neuve Honda<\/strong> ou <strong>Yamaha<\/strong>. \u00c9patez la galerie lors de vos prochaines escapades \u00e0 bord de votre <a href=\"https:\/\/www.nwcmotorsports.ca\/fr\/vtt\/\">VTT<\/a> ou de votre <a href=\"https:\/\/www.nwcmotorsports.ca\/fr\/cotes-a-cotes\/\">v\u00e9hicule c\u00f4te \u00e0 c\u00f4te<\/a>. Vos aventures hivernales ne seront plus jamais pareilles \u00e0 bord d\u2019une <a href=\"https:\/\/www.nwcmotorsports.ca\/fr\/motoneiges\/\">motoneige<\/a> <strong>Ski-Doo<\/strong> ou <strong>Lynx<\/strong>. Vous avez le pied marin? Parcourez notre choix de <a href=\"https:\/\/www.nwcmotorsports.ca\/fr\/moteurs-hors-bord\/\">moteurs hors-bord<\/a> <strong>Honda<\/strong> et <strong>Yamaha<\/strong> et de <a href=\"https:\/\/www.nwcmotorsports.ca\/fr\/bateaux\/\">bateaux<\/a> <strong>Lund<\/strong>.<\/p>\n<p>Pour toute question, <a href=\"https:\/\/www.nwcmotorsports.ca\/fr\/contact\/\">communiquez avec nos professionnels<\/a>! Ils sauront vous conseiller et vous guider vers le meilleur choix pour vous. En tout temps, passez nous voir en concession chez <strong>NWC Motorsports \u00e0 Winnipeg<\/strong>! Nous vous recevrons avec plaisir.<\/p>\n<\/div>\n","protected":false},"excerpt":{"rendered":"<p>NWC Motorsports est fier de vous offrir la cr\u00e8me de la cr\u00e8me des v\u00e9hicules de sport motoris\u00e9 neufs! \u00c0 tout moment de l\u2019ann\u00e9e, parcourez la plus grande s\u00e9lection de bolides qui combleront toutes vos envies d\u2019aventure! Prenez d\u2019assaut les routes du Qu\u00e9bec \u00e0 bord d\u2019une motocyclette neuve Honda ou Yamaha. \u00c9patez la galerie lors de &hellip; <a href=\"https:\/\/www.nwcmotorsports.ca\/fr\/motocyclettes\/\">Suite<\/a><\/p>\n","protected":false},"author":1,"featured_media":0,"parent":0,"menu_order":0,"comment_status":"closed","ping_status":"closed","template":"template-listing-new-products.php","meta":[],"acf":{"content_featured_type":"","page_arg_new":true,"page_arg_new_category":[{"value":"motorcycle","label":"Motocyclettes"}],"page_arg_new_make":[],"contact_form_custom_html_id":"","page_arg_instock":false,"page_arg_new_type":false,"promotion_managed_instock":false,"promotion_image_or_text":true,"promotion_image_detail":{"ID":28710,"id":28710,"title":"placeholder-featbtns","filename":"placeholder-featbtns.webp","filesize":1884,"url":"https:\/\/www.nwcmotorsports.ca\/wp-content\/uploads\/2021\/05\/placeholder-featbtns.webp","link":"https:\/\/www.nwcmotorsports.ca\/fr\/accueil-power-go\/placeholder-featbtns-2\/","alt":"","author":"1","description":"","caption":"","name":"placeholder-featbtns-2","status":"inherit","uploaded_to":43,"date":"2021-05-11 15:46:38","modified":"2021-05-11 15:46:38","menu_order":0,"mime_type":"image\/webp","type":"image","subtype":"webp","icon":"https:\/\/www.nwcmotorsports.ca\/wp-includes\/images\/media\/default.png","width":0,"height":0,"sizes":{"thumbnail":"https:\/\/www.nwcmotorsports.ca\/wp-content\/uploads\/2021\/05\/placeholder-featbtns.webp","thumbnail-width":1,"thumbnail-height":1,"medium":"https:\/\/www.nwcmotorsports.ca\/wp-content\/uploads\/2021\/05\/placeholder-featbtns.webp","medium-width":1,"medium-height":1,"medium_large":"https:\/\/www.nwcmotorsports.ca\/wp-content\/uploads\/2021\/05\/placeholder-featbtns.webp","medium_large-width":1,"medium_large-height":1,"large":"https:\/\/www.nwcmotorsports.ca\/wp-content\/uploads\/2021\/05\/placeholder-featbtns.webp","large-width":1,"large-height":1,"1536x1536":"https:\/\/www.nwcmotorsports.ca\/wp-content\/uploads\/2021\/05\/placeholder-featbtns.webp","1536x1536-width":1,"1536x1536-height":1,"2048x2048":"https:\/\/www.nwcmotorsports.ca\/wp-content\/uploads\/2021\/05\/placeholder-featbtns.webp","2048x2048-width":1,"2048x2048-height":1,"article-details":"https:\/\/www.nwcmotorsports.ca\/wp-content\/uploads\/2021\/05\/placeholder-featbtns.webp","article-details-width":1,"article-details-height":1,"article-listing":"https:\/\/www.nwcmotorsports.ca\/wp-content\/uploads\/2021\/05\/placeholder-featbtns.webp","article-listing-width":1,"article-listing-height":1,"event-details":"https:\/\/www.nwcmotorsports.ca\/wp-content\/uploads\/2021\/05\/placeholder-featbtns.webp","event-details-width":1,"event-details-height":1,"event-listing":"https:\/\/www.nwcmotorsports.ca\/wp-content\/uploads\/2021\/05\/placeholder-featbtns.webp","event-listing-width":1,"event-listing-height":1,"feat-article":"https:\/\/www.nwcmotorsports.ca\/wp-content\/uploads\/2021\/05\/placeholder-featbtns.webp","feat-article-width":1,"feat-article-height":1,"feat-cta":"https:\/\/www.nwcmotorsports.ca\/wp-content\/uploads\/2021\/05\/placeholder-featbtns.webp","feat-cta-width":1,"feat-cta-height":1,"feat-content":"https:\/\/www.nwcmotorsports.ca\/wp-content\/uploads\/2021\/05\/placeholder-featbtns.webp","feat-content-width":1,"feat-content-height":1,"feat-event":"https:\/\/www.nwcmotorsports.ca\/wp-content\/uploads\/2021\/05\/placeholder-featbtns.webp","feat-event-width":1,"feat-event-height":1,"feat-makes":"https:\/\/www.nwcmotorsports.ca\/wp-content\/uploads\/2021\/05\/placeholder-featbtns.webp","feat-makes-width":1,"feat-makes-height":1,"feat-related":"https:\/\/www.nwcmotorsports.ca\/wp-content\/uploads\/2021\/05\/placeholder-featbtns.webp","feat-related-width":1,"feat-related-height":1,"filter-category":"https:\/\/www.nwcmotorsports.ca\/wp-content\/uploads\/2021\/05\/placeholder-featbtns.webp","filter-category-width":1,"filter-category-height":1,"products-listing-new":"https:\/\/www.nwcmotorsports.ca\/wp-content\/uploads\/2021\/05\/placeholder-featbtns.webp","products-listing-new-width":1,"products-listing-new-height":1,"products-gallery":"https:\/\/www.nwcmotorsports.ca\/wp-content\/uploads\/2021\/05\/placeholder-featbtns.webp","products-gallery-width":1,"products-gallery-height":1,"promos-details":"https:\/\/www.nwcmotorsports.ca\/wp-content\/uploads\/2021\/05\/placeholder-featbtns.webp","promos-details-width":1,"promos-details-height":1,"promos-listing":"https:\/\/www.nwcmotorsports.ca\/wp-content\/uploads\/2021\/05\/placeholder-featbtns.webp","promos-listing-width":1,"promos-listing-height":1,"relative-product-article":"https:\/\/www.nwcmotorsports.ca\/wp-content\/uploads\/2021\/05\/placeholder-featbtns.webp","relative-product-article-width":1,"relative-product-article-height":1,"relative-product-event":"https:\/\/www.nwcmotorsports.ca\/wp-content\/uploads\/2021\/05\/placeholder-featbtns.webp","relative-product-event-width":1,"relative-product-event-height":1,"relative-product-new":"https:\/\/www.nwcmotorsports.ca\/wp-content\/uploads\/2021\/05\/placeholder-featbtns.webp","relative-product-new-width":1,"relative-product-new-height":1,"relative-product-promo":"https:\/\/www.nwcmotorsports.ca\/wp-content\/uploads\/2021\/05\/placeholder-featbtns.webp","relative-product-promo-width":1,"relative-product-promo-height":1,"slider-main":"https:\/\/www.nwcmotorsports.ca\/wp-content\/uploads\/2021\/05\/placeholder-featbtns.webp","slider-main-width":1,"slider-main-height":1,"slider-main-mobile":"https:\/\/www.nwcmotorsports.ca\/wp-content\/uploads\/2021\/05\/placeholder-featbtns.webp","slider-main-mobile-width":1,"slider-main-mobile-height":1,"slider-main-fullwidth":"https:\/\/www.nwcmotorsports.ca\/wp-content\/uploads\/2021\/05\/placeholder-featbtns.webp","slider-main-fullwidth-width":1,"slider-main-fullwidth-height":1,"slider-main-fullwidth-narrow":"https:\/\/www.nwcmotorsports.ca\/wp-content\/uploads\/2021\/05\/placeholder-featbtns.webp","slider-main-fullwidth-narrow-width":1,"slider-main-fullwidth-narrow-height":1,"map-footer":"https:\/\/www.nwcmotorsports.ca\/wp-content\/uploads\/2021\/05\/placeholder-featbtns.webp","map-footer-width":1,"map-footer-height":1,"map-footer-mobile":"https:\/\/www.nwcmotorsports.ca\/wp-content\/uploads\/2021\/05\/placeholder-featbtns.webp","map-footer-mobile-width":1,"map-footer-mobile-height":1,"map-footer-fullwidth":"https:\/\/www.nwcmotorsports.ca\/wp-content\/uploads\/2021\/05\/placeholder-featbtns.webp","map-footer-fullwidth-width":1,"map-footer-fullwidth-height":1,"map-footer-fullwidth-narrow":"https:\/\/www.nwcmotorsports.ca\/wp-content\/uploads\/2021\/05\/placeholder-featbtns.webp","map-footer-fullwidth-narrow-width":1,"map-footer-fullwidth-narrow-height":1,"team-listing":"https:\/\/www.nwcmotorsports.ca\/wp-content\/uploads\/2021\/05\/placeholder-featbtns.webp","team-listing-width":1,"team-listing-height":1,"team-sidebar":"https:\/\/www.nwcmotorsports.ca\/wp-content\/uploads\/2021\/05\/placeholder-featbtns.webp","team-sidebar-width":1,"team-sidebar-height":1,"history-timeline":"https:\/\/www.nwcmotorsports.ca\/wp-content\/uploads\/2021\/05\/placeholder-featbtns.webp","history-timeline-width":1,"history-timeline-height":1,"automatic-popup":"https:\/\/www.nwcmotorsports.ca\/wp-content\/uploads\/2021\/05\/placeholder-featbtns.webp","automatic-popup-width":1,"automatic-popup-height":1,"wc-feat-brands":"https:\/\/www.nwcmotorsports.ca\/wp-content\/uploads\/2021\/05\/placeholder-featbtns.webp","wc-feat-brands-width":1,"wc-feat-brands-height":1,"wc-products-details-brands":"https:\/\/www.nwcmotorsports.ca\/wp-content\/uploads\/2021\/05\/placeholder-featbtns.webp","wc-products-details-brands-width":1,"wc-products-details-brands-height":1}},"promotion_image_listing":{"ID":28710,"id":28710,"title":"placeholder-featbtns","filename":"placeholder-featbtns.webp","filesize":1884,"url":"https:\/\/www.nwcmotorsports.ca\/wp-content\/uploads\/2021\/05\/placeholder-featbtns.webp","link":"https:\/\/www.nwcmotorsports.ca\/fr\/accueil-power-go\/placeholder-featbtns-2\/","alt":"","author":"1","description":"","caption":"","name":"placeholder-featbtns-2","status":"inherit","uploaded_to":43,"date":"2021-05-11 15:46:38","modified":"2021-05-11 15:46:38","menu_order":0,"mime_type":"image\/webp","type":"image","subtype":"webp","icon":"https:\/\/www.nwcmotorsports.ca\/wp-includes\/images\/media\/default.png","width":0,"height":0,"sizes":{"thumbnail":"https:\/\/www.nwcmotorsports.ca\/wp-content\/uploads\/2021\/05\/placeholder-featbtns.webp","thumbnail-width":1,"thumbnail-height":1,"medium":"https:\/\/www.nwcmotorsports.ca\/wp-content\/uploads\/2021\/05\/placeholder-featbtns.webp","medium-width":1,"medium-height":1,"medium_large":"https:\/\/www.nwcmotorsports.ca\/wp-content\/uploads\/2021\/05\/placeholder-featbtns.webp","medium_large-width":1,"medium_large-height":1,"large":"https:\/\/www.nwcmotorsports.ca\/wp-content\/uploads\/2021\/05\/placeholder-featbtns.webp","large-width":1,"large-height":1,"1536x1536":"https:\/\/www.nwcmotorsports.ca\/wp-content\/uploads\/2021\/05\/placeholder-featbtns.webp","1536x1536-width":1,"1536x1536-height":1,"2048x2048":"https:\/\/www.nwcmotorsports.ca\/wp-content\/uploads\/2021\/05\/placeholder-featbtns.webp","2048x2048-width":1,"2048x2048-height":1,"article-details":"https:\/\/www.nwcmotorsports.ca\/wp-content\/uploads\/2021\/05\/placeholder-featbtns.webp","article-details-width":1,"article-details-height":1,"article-listing":"https:\/\/www.nwcmotorsports.ca\/wp-content\/uploads\/2021\/05\/placeholder-featbtns.webp","article-listing-width":1,"article-listing-height":1,"event-details":"https:\/\/www.nwcmotorsports.ca\/wp-content\/uploads\/2021\/05\/placeholder-featbtns.webp","event-details-width":1,"event-details-height":1,"event-listing":"https:\/\/www.nwcmotorsports.ca\/wp-content\/uploads\/2021\/05\/placeholder-featbtns.webp","event-listing-width":1,"event-listing-height":1,"feat-article":"https:\/\/www.nwcmotorsports.ca\/wp-content\/uploads\/2021\/05\/placeholder-featbtns.webp","feat-article-width":1,"feat-article-height":1,"feat-cta":"https:\/\/www.nwcmotorsports.ca\/wp-content\/uploads\/2021\/05\/placeholder-featbtns.webp","feat-cta-width":1,"feat-cta-height":1,"feat-content":"https:\/\/www.nwcmotorsports.ca\/wp-content\/uploads\/2021\/05\/placeholder-featbtns.webp","feat-content-width":1,"feat-content-height":1,"feat-event":"https:\/\/www.nwcmotorsports.ca\/wp-content\/uploads\/2021\/05\/placeholder-featbtns.webp","feat-event-width":1,"feat-event-height":1,"feat-makes":"https:\/\/www.nwcmotorsports.ca\/wp-content\/uploads\/2021\/05\/placeholder-featbtns.webp","feat-makes-width":1,"feat-makes-height":1,"feat-related":"https:\/\/www.nwcmotorsports.ca\/wp-content\/uploads\/2021\/05\/placeholder-featbtns.webp","feat-related-width":1,"feat-related-height":1,"filter-category":"https:\/\/www.nwcmotorsports.ca\/wp-content\/uploads\/2021\/05\/placeholder-featbtns.webp","filter-category-width":1,"filter-category-height":1,"products-listing-new":"https:\/\/www.nwcmotorsports.ca\/wp-content\/uploads\/2021\/05\/placeholder-featbtns.webp","products-listing-new-width":1,"products-listing-new-height":1,"products-gallery":"https:\/\/www.nwcmotorsports.ca\/wp-content\/uploads\/2021\/05\/placeholder-featbtns.webp","products-gallery-width":1,"products-gallery-height":1,"promos-details":"https:\/\/www.nwcmotorsports.ca\/wp-content\/uploads\/2021\/05\/placeholder-featbtns.webp","promos-details-width":1,"promos-details-height":1,"promos-listing":"https:\/\/www.nwcmotorsports.ca\/wp-content\/uploads\/2021\/05\/placeholder-featbtns.webp","promos-listing-width":1,"promos-listing-height":1,"relative-product-article":"https:\/\/www.nwcmotorsports.ca\/wp-content\/uploads\/2021\/05\/placeholder-featbtns.webp","relative-product-article-width":1,"relative-product-article-height":1,"relative-product-event":"https:\/\/www.nwcmotorsports.ca\/wp-content\/uploads\/2021\/05\/placeholder-featbtns.webp","relative-product-event-width":1,"relative-product-event-height":1,"relative-product-new":"https:\/\/www.nwcmotorsports.ca\/wp-content\/uploads\/2021\/05\/placeholder-featbtns.webp","relative-product-new-width":1,"relative-product-new-height":1,"relative-product-promo":"https:\/\/www.nwcmotorsports.ca\/wp-content\/uploads\/2021\/05\/placeholder-featbtns.webp","relative-product-promo-width":1,"relative-product-promo-height":1,"slider-main":"https:\/\/www.nwcmotorsports.ca\/wp-content\/uploads\/2021\/05\/placeholder-featbtns.webp","slider-main-width":1,"slider-main-height":1,"slider-main-mobile":"https:\/\/www.nwcmotorsports.ca\/wp-content\/uploads\/2021\/05\/placeholder-featbtns.webp","slider-main-mobile-width":1,"slider-main-mobile-height":1,"slider-main-fullwidth":"https:\/\/www.nwcmotorsports.ca\/wp-content\/uploads\/2021\/05\/placeholder-featbtns.webp","slider-main-fullwidth-width":1,"slider-main-fullwidth-height":1,"slider-main-fullwidth-narrow":"https:\/\/www.nwcmotorsports.ca\/wp-content\/uploads\/2021\/05\/placeholder-featbtns.webp","slider-main-fullwidth-narrow-width":1,"slider-main-fullwidth-narrow-height":1,"map-footer":"https:\/\/www.nwcmotorsports.ca\/wp-content\/uploads\/2021\/05\/placeholder-featbtns.webp","map-footer-width":1,"map-footer-height":1,"map-footer-mobile":"https:\/\/www.nwcmotorsports.ca\/wp-content\/uploads\/2021\/05\/placeholder-featbtns.webp","map-footer-mobile-width":1,"map-footer-mobile-height":1,"map-footer-fullwidth":"https:\/\/www.nwcmotorsports.ca\/wp-content\/uploads\/2021\/05\/placeholder-featbtns.webp","map-footer-fullwidth-width":1,"map-footer-fullwidth-height":1,"map-footer-fullwidth-narrow":"https:\/\/www.nwcmotorsports.ca\/wp-content\/uploads\/2021\/05\/placeholder-featbtns.webp","map-footer-fullwidth-narrow-width":1,"map-footer-fullwidth-narrow-height":1,"team-listing":"https:\/\/www.nwcmotorsports.ca\/wp-content\/uploads\/2021\/05\/placeholder-featbtns.webp","team-listing-width":1,"team-listing-height":1,"team-sidebar":"https:\/\/www.nwcmotorsports.ca\/wp-content\/uploads\/2021\/05\/placeholder-featbtns.webp","team-sidebar-width":1,"team-sidebar-height":1,"history-timeline":"https:\/\/www.nwcmotorsports.ca\/wp-content\/uploads\/2021\/05\/placeholder-featbtns.webp","history-timeline-width":1,"history-timeline-height":1,"automatic-popup":"https:\/\/www.nwcmotorsports.ca\/wp-content\/uploads\/2021\/05\/placeholder-featbtns.webp","automatic-popup-width":1,"automatic-popup-height":1,"wc-feat-brands":"https:\/\/www.nwcmotorsports.ca\/wp-content\/uploads\/2021\/05\/placeholder-featbtns.webp","wc-feat-brands-width":1,"wc-feat-brands-height":1,"wc-products-details-brands":"https:\/\/www.nwcmotorsports.ca\/wp-content\/uploads\/2021\/05\/placeholder-featbtns.webp","wc-products-details-brands-width":1,"wc-products-details-brands-height":1}},"promotion_section":{"value":"general","label":"G\u00e9n\u00e9ral"},"promotion_video":"","contact_form_custom_form_id":false},"_links":{"self":[{"href":"https:\/\/www.nwcmotorsports.ca\/fr\/wp-json\/wp\/v2\/pages\/309"}],"collection":[{"href":"https:\/\/www.nwcmotorsports.ca\/fr\/wp-json\/wp\/v2\/pages"}],"about":[{"href":"https:\/\/www.nwcmotorsports.ca\/fr\/wp-json\/wp\/v2\/types\/page"}],"author":[{"embeddable":true,"href":"https:\/\/www.nwcmotorsports.ca\/fr\/wp-json\/wp\/v2\/users\/1"}],"replies":[{"embeddable":true,"href":"https:\/\/www.nwcmotorsports.ca\/fr\/wp-json\/wp\/v2\/comments?post=309"}],"version-history":[{"count":9,"href":"https:\/\/www.nwcmotorsports.ca\/fr\/wp-json\/wp\/v2\/pages\/309\/revisions"}],"predecessor-version":[{"id":32188,"href":"https:\/\/www.nwcmotorsports.ca\/fr\/wp-json\/wp\/v2\/pages\/309\/revisions\/32188"}],"wp:attachment":[{"href":"https:\/\/www.nwcmotorsports.ca\/fr\/wp-json\/wp\/v2\/media?parent=309"}],"curies":[{"name":"wp","href":"https:\/\/api.w.org\/{rel}","templated":true}]}}