{"id":348,"date":"2017-11-09T19:10:12","date_gmt":"2017-11-10T00:10:12","guid":{"rendered":"http:\/\/wp-master-powergo.eliappwordpress1sto.elisys-servers.ca\/?page_id=348"},"modified":"2025-07-02T17:13:43","modified_gmt":"2025-07-02T21:13:43","slug":"pieces","status":"publish","type":"page","link":"https:\/\/www.nwcmotorsports.ca\/fr\/pieces\/","title":{"rendered":"Pi\u00e8ces et accessoires"},"content":{"rendered":"<p>NWC Motorsports est fier de vous proposer une gamme compl\u00e8te de <strong>pi\u00e8ces et accessoires<\/strong>. Le centre principal de r\u00e9paration de NWC Motorsports pour les magasins Northern est situ\u00e9 \u00e0 Winnipeg, au Manitoba.<\/p>\n<div class=\"textMore mobile\">\n<p>Retrouvez un inventaire vari\u00e9 de marques fiables et durables comme <strong>Can-Am<\/strong>, <strong>Honda<\/strong> et bien plus encore! Informez-vous aupr\u00e8s de notre \u00e9quipe.<\/p>\n<p>Notre d\u00e9partement des pi\u00e8ces et accessoires est fier de vous offrir :<\/p>\n<ul>\n<li>Personnel courtois, rapide et efficace<\/li>\n<li>Pi\u00e8ces d\u2019origine<\/li>\n<li>Accessoires servant \u00e0 personnaliser votre v\u00e9hicule<\/li>\n<\/ul>\n<p>Pour de plus amples renseignements ou pour des conseils en lien avec nos produits, <a href=\"https:\/\/www.nwcmotorsports.ca\/fr\/contact\/\">contactez nos professionnels<\/a>. Ils connaissent l\u2019inventaire comme le fond de leur poche et se font une mission de trouver ce qui r\u00e9pondra le mieux \u00e0 vos besoins.<\/p>\n<\/div>\n","protected":false},"excerpt":{"rendered":"<p>NWC Motorsports est fier de vous proposer une gamme compl\u00e8te de pi\u00e8ces et accessoires. Le centre principal de r\u00e9paration de NWC Motorsports pour les magasins Northern est situ\u00e9 \u00e0 Winnipeg, au Manitoba. Retrouvez un inventaire vari\u00e9 de marques fiables et durables comme Can-Am, Honda et bien plus encore! Informez-vous aupr\u00e8s de notre \u00e9quipe. Notre d\u00e9partement &hellip; <a href=\"https:\/\/www.nwcmotorsports.ca\/fr\/pieces\/\">Suite<\/a><\/p>\n","protected":false},"author":1,"featured_media":0,"parent":0,"menu_order":0,"comment_status":"closed","ping_status":"closed","template":"template-parts.php","meta":[],"acf":{"content_featured_type":"image","content_featured_slider":false,"content_featured_image":{"ID":32250,"id":32250,"title":"img-PIECES","filename":"img-PIECES.webp","filesize":48844,"url":"https:\/\/www.nwcmotorsports.ca\/wp-content\/uploads\/2025\/04\/img-PIECES.webp","link":"https:\/\/www.nwcmotorsports.ca\/fr\/service-apres-vente\/img-pieces-2\/","alt":"","author":"1","description":"","caption":"","name":"img-pieces-2","status":"inherit","uploaded_to":293,"date":"2025-04-29 21:06:58","modified":"2025-04-29 21:06:58","menu_order":0,"mime_type":"image\/webp","type":"image","subtype":"webp","icon":"https:\/\/www.nwcmotorsports.ca\/wp-includes\/images\/media\/default.png","width":770,"height":330,"sizes":{"thumbnail":"https:\/\/www.nwcmotorsports.ca\/wp-content\/uploads\/2025\/04\/img-PIECES-150x150.webp","thumbnail-width":150,"thumbnail-height":150,"medium":"https:\/\/www.nwcmotorsports.ca\/wp-content\/uploads\/2025\/04\/img-PIECES-300x129.webp","medium-width":300,"medium-height":129,"medium_large":"https:\/\/www.nwcmotorsports.ca\/wp-content\/uploads\/2025\/04\/img-PIECES-768x329.webp","medium_large-width":768,"medium_large-height":329,"large":"https:\/\/www.nwcmotorsports.ca\/wp-content\/uploads\/2025\/04\/img-PIECES.webp","large-width":770,"large-height":330,"1536x1536":"https:\/\/www.nwcmotorsports.ca\/wp-content\/uploads\/2025\/04\/img-PIECES.webp","1536x1536-width":770,"1536x1536-height":330,"2048x2048":"https:\/\/www.nwcmotorsports.ca\/wp-content\/uploads\/2025\/04\/img-PIECES.webp","2048x2048-width":770,"2048x2048-height":330,"article-details":"https:\/\/www.nwcmotorsports.ca\/wp-content\/uploads\/2025\/04\/img-PIECES-745x319.webp","article-details-width":745,"article-details-height":319,"article-listing":"https:\/\/www.nwcmotorsports.ca\/wp-content\/uploads\/2025\/04\/img-PIECES-745x319.webp","article-listing-width":745,"article-listing-height":319,"event-details":"https:\/\/www.nwcmotorsports.ca\/wp-content\/uploads\/2025\/04\/img-PIECES-745x319.webp","event-details-width":745,"event-details-height":319,"event-listing":"https:\/\/www.nwcmotorsports.ca\/wp-content\/uploads\/2025\/04\/img-PIECES-745x319.webp","event-listing-width":745,"event-listing-height":319,"feat-article":"https:\/\/www.nwcmotorsports.ca\/wp-content\/uploads\/2025\/04\/img-PIECES-720x309.webp","feat-article-width":720,"feat-article-height":309,"feat-cta":"https:\/\/www.nwcmotorsports.ca\/wp-content\/uploads\/2025\/04\/img-PIECES-745x319.webp","feat-cta-width":745,"feat-cta-height":319,"feat-content":"https:\/\/www.nwcmotorsports.ca\/wp-content\/uploads\/2025\/04\/img-PIECES-745x319.webp","feat-content-width":745,"feat-content-height":319,"feat-event":"https:\/\/www.nwcmotorsports.ca\/wp-content\/uploads\/2025\/04\/img-PIECES-720x309.webp","feat-event-width":720,"feat-event-height":309,"feat-makes":"https:\/\/www.nwcmotorsports.ca\/wp-content\/uploads\/2025\/04\/img-PIECES-187x80.webp","feat-makes-width":187,"feat-makes-height":80,"feat-related":"https:\/\/www.nwcmotorsports.ca\/wp-content\/uploads\/2025\/04\/img-PIECES-720x309.webp","feat-related-width":720,"feat-related-height":309,"filter-category":"https:\/\/www.nwcmotorsports.ca\/wp-content\/uploads\/2025\/04\/img-PIECES-486x330.webp","filter-category-width":486,"filter-category-height":330,"products-listing-new":"https:\/\/www.nwcmotorsports.ca\/wp-content\/uploads\/2025\/04\/img-PIECES-460x197.webp","products-listing-new-width":460,"products-listing-new-height":197,"products-gallery":"https:\/\/www.nwcmotorsports.ca\/wp-content\/uploads\/2025\/04\/img-PIECES-745x319.webp","products-gallery-width":745,"products-gallery-height":319,"promos-details":"https:\/\/www.nwcmotorsports.ca\/wp-content\/uploads\/2025\/04\/img-PIECES-745x319.webp","promos-details-width":745,"promos-details-height":319,"promos-listing":"https:\/\/www.nwcmotorsports.ca\/wp-content\/uploads\/2025\/04\/img-PIECES-745x319.webp","promos-listing-width":745,"promos-listing-height":319,"relative-product-article":"https:\/\/www.nwcmotorsports.ca\/wp-content\/uploads\/2025\/04\/img-PIECES-745x319.webp","relative-product-article-width":745,"relative-product-article-height":319,"relative-product-event":"https:\/\/www.nwcmotorsports.ca\/wp-content\/uploads\/2025\/04\/img-PIECES-745x319.webp","relative-product-event-width":745,"relative-product-event-height":319,"relative-product-new":"https:\/\/www.nwcmotorsports.ca\/wp-content\/uploads\/2025\/04\/img-PIECES-690x296.webp","relative-product-new-width":690,"relative-product-new-height":296,"relative-product-promo":"https:\/\/www.nwcmotorsports.ca\/wp-content\/uploads\/2025\/04\/img-PIECES-745x319.webp","relative-product-promo-width":745,"relative-product-promo-height":319,"slider-main":"https:\/\/www.nwcmotorsports.ca\/wp-content\/uploads\/2025\/04\/img-PIECES.webp","slider-main-width":770,"slider-main-height":330,"slider-main-mobile":"https:\/\/www.nwcmotorsports.ca\/wp-content\/uploads\/2025\/04\/img-PIECES.webp","slider-main-mobile-width":770,"slider-main-mobile-height":330,"slider-main-fullwidth":"https:\/\/www.nwcmotorsports.ca\/wp-content\/uploads\/2025\/04\/img-PIECES.webp","slider-main-fullwidth-width":770,"slider-main-fullwidth-height":330,"slider-main-fullwidth-narrow":"https:\/\/www.nwcmotorsports.ca\/wp-content\/uploads\/2025\/04\/img-PIECES.webp","slider-main-fullwidth-narrow-width":770,"slider-main-fullwidth-narrow-height":330,"map-footer":"https:\/\/www.nwcmotorsports.ca\/wp-content\/uploads\/2025\/04\/img-PIECES.webp","map-footer-width":770,"map-footer-height":330,"map-footer-mobile":"https:\/\/www.nwcmotorsports.ca\/wp-content\/uploads\/2025\/04\/img-PIECES.webp","map-footer-mobile-width":770,"map-footer-mobile-height":330,"map-footer-fullwidth":"https:\/\/www.nwcmotorsports.ca\/wp-content\/uploads\/2025\/04\/img-PIECES.webp","map-footer-fullwidth-width":770,"map-footer-fullwidth-height":330,"map-footer-fullwidth-narrow":"https:\/\/www.nwcmotorsports.ca\/wp-content\/uploads\/2025\/04\/img-PIECES.webp","map-footer-fullwidth-narrow-width":770,"map-footer-fullwidth-narrow-height":330,"team-listing":"https:\/\/www.nwcmotorsports.ca\/wp-content\/uploads\/2025\/04\/img-PIECES-450x193.webp","team-listing-width":450,"team-listing-height":193,"team-sidebar":"https:\/\/www.nwcmotorsports.ca\/wp-content\/uploads\/2025\/04\/img-PIECES-720x309.webp","team-sidebar-width":720,"team-sidebar-height":309,"history-timeline":"https:\/\/www.nwcmotorsports.ca\/wp-content\/uploads\/2025\/04\/img-PIECES-380x163.webp","history-timeline-width":380,"history-timeline-height":163,"automatic-popup":"https:\/\/www.nwcmotorsports.ca\/wp-content\/uploads\/2025\/04\/img-PIECES.webp","automatic-popup-width":770,"automatic-popup-height":330,"wc-feat-brands":"https:\/\/www.nwcmotorsports.ca\/wp-content\/uploads\/2025\/04\/img-PIECES-175x75.webp","wc-feat-brands-width":175,"wc-feat-brands-height":75,"wc-products-details-brands":"https:\/\/www.nwcmotorsports.ca\/wp-content\/uploads\/2025\/04\/img-PIECES-175x75.webp","wc-products-details-brands-width":175,"wc-products-details-brands-height":75}},"promotion_managed_instock":false,"promotion_image_or_text":true,"promotion_image_detail":{"ID":28710,"id":28710,"title":"placeholder-featbtns","filename":"placeholder-featbtns.webp","filesize":1884,"url":"https:\/\/www.nwcmotorsports.ca\/wp-content\/uploads\/2021\/05\/placeholder-featbtns.webp","link":"https:\/\/www.nwcmotorsports.ca\/fr\/accueil-power-go\/placeholder-featbtns-2\/","alt":"","author":"1","description":"","caption":"","name":"placeholder-featbtns-2","status":"inherit","uploaded_to":43,"date":"2021-05-11 15:46:38","modified":"2021-05-11 15:46:38","menu_order":0,"mime_type":"image\/webp","type":"image","subtype":"webp","icon":"https:\/\/www.nwcmotorsports.ca\/wp-includes\/images\/media\/default.png","width":0,"height":0,"sizes":{"thumbnail":"https:\/\/www.nwcmotorsports.ca\/wp-content\/uploads\/2021\/05\/placeholder-featbtns.webp","thumbnail-width":1,"thumbnail-height":1,"medium":"https:\/\/www.nwcmotorsports.ca\/wp-content\/uploads\/2021\/05\/placeholder-featbtns.webp","medium-width":1,"medium-height":1,"medium_large":"https:\/\/www.nwcmotorsports.ca\/wp-content\/uploads\/2021\/05\/placeholder-featbtns.webp","medium_large-width":1,"medium_large-height":1,"large":"https:\/\/www.nwcmotorsports.ca\/wp-content\/uploads\/2021\/05\/placeholder-featbtns.webp","large-width":1,"large-height":1,"1536x1536":"https:\/\/www.nwcmotorsports.ca\/wp-content\/uploads\/2021\/05\/placeholder-featbtns.webp","1536x1536-width":1,"1536x1536-height":1,"2048x2048":"https:\/\/www.nwcmotorsports.ca\/wp-content\/uploads\/2021\/05\/placeholder-featbtns.webp","2048x2048-width":1,"2048x2048-height":1,"article-details":"https:\/\/www.nwcmotorsports.ca\/wp-content\/uploads\/2021\/05\/placeholder-featbtns.webp","article-details-width":1,"article-details-height":1,"article-listing":"https:\/\/www.nwcmotorsports.ca\/wp-content\/uploads\/2021\/05\/placeholder-featbtns.webp","article-listing-width":1,"article-listing-height":1,"event-details":"https:\/\/www.nwcmotorsports.ca\/wp-content\/uploads\/2021\/05\/placeholder-featbtns.webp","event-details-width":1,"event-details-height":1,"event-listing":"https:\/\/www.nwcmotorsports.ca\/wp-content\/uploads\/2021\/05\/placeholder-featbtns.webp","event-listing-width":1,"event-listing-height":1,"feat-article":"https:\/\/www.nwcmotorsports.ca\/wp-content\/uploads\/2021\/05\/placeholder-featbtns.webp","feat-article-width":1,"feat-article-height":1,"feat-cta":"https:\/\/www.nwcmotorsports.ca\/wp-content\/uploads\/2021\/05\/placeholder-featbtns.webp","feat-cta-width":1,"feat-cta-height":1,"feat-content":"https:\/\/www.nwcmotorsports.ca\/wp-content\/uploads\/2021\/05\/placeholder-featbtns.webp","feat-content-width":1,"feat-content-height":1,"feat-event":"https:\/\/www.nwcmotorsports.ca\/wp-content\/uploads\/2021\/05\/placeholder-featbtns.webp","feat-event-width":1,"feat-event-height":1,"feat-makes":"https:\/\/www.nwcmotorsports.ca\/wp-content\/uploads\/2021\/05\/placeholder-featbtns.webp","feat-makes-width":1,"feat-makes-height":1,"feat-related":"https:\/\/www.nwcmotorsports.ca\/wp-content\/uploads\/2021\/05\/placeholder-featbtns.webp","feat-related-width":1,"feat-related-height":1,"filter-category":"https:\/\/www.nwcmotorsports.ca\/wp-content\/uploads\/2021\/05\/placeholder-featbtns.webp","filter-category-width":1,"filter-category-height":1,"products-listing-new":"https:\/\/www.nwcmotorsports.ca\/wp-content\/uploads\/2021\/05\/placeholder-featbtns.webp","products-listing-new-width":1,"products-listing-new-height":1,"products-gallery":"https:\/\/www.nwcmotorsports.ca\/wp-content\/uploads\/2021\/05\/placeholder-featbtns.webp","products-gallery-width":1,"products-gallery-height":1,"promos-details":"https:\/\/www.nwcmotorsports.ca\/wp-content\/uploads\/2021\/05\/placeholder-featbtns.webp","promos-details-width":1,"promos-details-height":1,"promos-listing":"https:\/\/www.nwcmotorsports.ca\/wp-content\/uploads\/2021\/05\/placeholder-featbtns.webp","promos-listing-width":1,"promos-listing-height":1,"relative-product-article":"https:\/\/www.nwcmotorsports.ca\/wp-content\/uploads\/2021\/05\/placeholder-featbtns.webp","relative-product-article-width":1,"relative-product-article-height":1,"relative-product-event":"https:\/\/www.nwcmotorsports.ca\/wp-content\/uploads\/2021\/05\/placeholder-featbtns.webp","relative-product-event-width":1,"relative-product-event-height":1,"relative-product-new":"https:\/\/www.nwcmotorsports.ca\/wp-content\/uploads\/2021\/05\/placeholder-featbtns.webp","relative-product-new-width":1,"relative-product-new-height":1,"relative-product-promo":"https:\/\/www.nwcmotorsports.ca\/wp-content\/uploads\/2021\/05\/placeholder-featbtns.webp","relative-product-promo-width":1,"relative-product-promo-height":1,"slider-main":"https:\/\/www.nwcmotorsports.ca\/wp-content\/uploads\/2021\/05\/placeholder-featbtns.webp","slider-main-width":1,"slider-main-height":1,"slider-main-mobile":"https:\/\/www.nwcmotorsports.ca\/wp-content\/uploads\/2021\/05\/placeholder-featbtns.webp","slider-main-mobile-width":1,"slider-main-mobile-height":1,"slider-main-fullwidth":"https:\/\/www.nwcmotorsports.ca\/wp-content\/uploads\/2021\/05\/placeholder-featbtns.webp","slider-main-fullwidth-width":1,"slider-main-fullwidth-height":1,"slider-main-fullwidth-narrow":"https:\/\/www.nwcmotorsports.ca\/wp-content\/uploads\/2021\/05\/placeholder-featbtns.webp","slider-main-fullwidth-narrow-width":1,"slider-main-fullwidth-narrow-height":1,"map-footer":"https:\/\/www.nwcmotorsports.ca\/wp-content\/uploads\/2021\/05\/placeholder-featbtns.webp","map-footer-width":1,"map-footer-height":1,"map-footer-mobile":"https:\/\/www.nwcmotorsports.ca\/wp-content\/uploads\/2021\/05\/placeholder-featbtns.webp","map-footer-mobile-width":1,"map-footer-mobile-height":1,"map-footer-fullwidth":"https:\/\/www.nwcmotorsports.ca\/wp-content\/uploads\/2021\/05\/placeholder-featbtns.webp","map-footer-fullwidth-width":1,"map-footer-fullwidth-height":1,"map-footer-fullwidth-narrow":"https:\/\/www.nwcmotorsports.ca\/wp-content\/uploads\/2021\/05\/placeholder-featbtns.webp","map-footer-fullwidth-narrow-width":1,"map-footer-fullwidth-narrow-height":1,"team-listing":"https:\/\/www.nwcmotorsports.ca\/wp-content\/uploads\/2021\/05\/placeholder-featbtns.webp","team-listing-width":1,"team-listing-height":1,"team-sidebar":"https:\/\/www.nwcmotorsports.ca\/wp-content\/uploads\/2021\/05\/placeholder-featbtns.webp","team-sidebar-width":1,"team-sidebar-height":1,"history-timeline":"https:\/\/www.nwcmotorsports.ca\/wp-content\/uploads\/2021\/05\/placeholder-featbtns.webp","history-timeline-width":1,"history-timeline-height":1,"automatic-popup":"https:\/\/www.nwcmotorsports.ca\/wp-content\/uploads\/2021\/05\/placeholder-featbtns.webp","automatic-popup-width":1,"automatic-popup-height":1,"wc-feat-brands":"https:\/\/www.nwcmotorsports.ca\/wp-content\/uploads\/2021\/05\/placeholder-featbtns.webp","wc-feat-brands-width":1,"wc-feat-brands-height":1,"wc-products-details-brands":"https:\/\/www.nwcmotorsports.ca\/wp-content\/uploads\/2021\/05\/placeholder-featbtns.webp","wc-products-details-brands-width":1,"wc-products-details-brands-height":1}},"promotion_image_listing":{"ID":28710,"id":28710,"title":"placeholder-featbtns","filename":"placeholder-featbtns.webp","filesize":1884,"url":"https:\/\/www.nwcmotorsports.ca\/wp-content\/uploads\/2021\/05\/placeholder-featbtns.webp","link":"https:\/\/www.nwcmotorsports.ca\/fr\/accueil-power-go\/placeholder-featbtns-2\/","alt":"","author":"1","description":"","caption":"","name":"placeholder-featbtns-2","status":"inherit","uploaded_to":43,"date":"2021-05-11 15:46:38","modified":"2021-05-11 15:46:38","menu_order":0,"mime_type":"image\/webp","type":"image","subtype":"webp","icon":"https:\/\/www.nwcmotorsports.ca\/wp-includes\/images\/media\/default.png","width":0,"height":0,"sizes":{"thumbnail":"https:\/\/www.nwcmotorsports.ca\/wp-content\/uploads\/2021\/05\/placeholder-featbtns.webp","thumbnail-width":1,"thumbnail-height":1,"medium":"https:\/\/www.nwcmotorsports.ca\/wp-content\/uploads\/2021\/05\/placeholder-featbtns.webp","medium-width":1,"medium-height":1,"medium_large":"https:\/\/www.nwcmotorsports.ca\/wp-content\/uploads\/2021\/05\/placeholder-featbtns.webp","medium_large-width":1,"medium_large-height":1,"large":"https:\/\/www.nwcmotorsports.ca\/wp-content\/uploads\/2021\/05\/placeholder-featbtns.webp","large-width":1,"large-height":1,"1536x1536":"https:\/\/www.nwcmotorsports.ca\/wp-content\/uploads\/2021\/05\/placeholder-featbtns.webp","1536x1536-width":1,"1536x1536-height":1,"2048x2048":"https:\/\/www.nwcmotorsports.ca\/wp-content\/uploads\/2021\/05\/placeholder-featbtns.webp","2048x2048-width":1,"2048x2048-height":1,"article-details":"https:\/\/www.nwcmotorsports.ca\/wp-content\/uploads\/2021\/05\/placeholder-featbtns.webp","article-details-width":1,"article-details-height":1,"article-listing":"https:\/\/www.nwcmotorsports.ca\/wp-content\/uploads\/2021\/05\/placeholder-featbtns.webp","article-listing-width":1,"article-listing-height":1,"event-details":"https:\/\/www.nwcmotorsports.ca\/wp-content\/uploads\/2021\/05\/placeholder-featbtns.webp","event-details-width":1,"event-details-height":1,"event-listing":"https:\/\/www.nwcmotorsports.ca\/wp-content\/uploads\/2021\/05\/placeholder-featbtns.webp","event-listing-width":1,"event-listing-height":1,"feat-article":"https:\/\/www.nwcmotorsports.ca\/wp-content\/uploads\/2021\/05\/placeholder-featbtns.webp","feat-article-width":1,"feat-article-height":1,"feat-cta":"https:\/\/www.nwcmotorsports.ca\/wp-content\/uploads\/2021\/05\/placeholder-featbtns.webp","feat-cta-width":1,"feat-cta-height":1,"feat-content":"https:\/\/www.nwcmotorsports.ca\/wp-content\/uploads\/2021\/05\/placeholder-featbtns.webp","feat-content-width":1,"feat-content-height":1,"feat-event":"https:\/\/www.nwcmotorsports.ca\/wp-content\/uploads\/2021\/05\/placeholder-featbtns.webp","feat-event-width":1,"feat-event-height":1,"feat-makes":"https:\/\/www.nwcmotorsports.ca\/wp-content\/uploads\/2021\/05\/placeholder-featbtns.webp","feat-makes-width":1,"feat-makes-height":1,"feat-related":"https:\/\/www.nwcmotorsports.ca\/wp-content\/uploads\/2021\/05\/placeholder-featbtns.webp","feat-related-width":1,"feat-related-height":1,"filter-category":"https:\/\/www.nwcmotorsports.ca\/wp-content\/uploads\/2021\/05\/placeholder-featbtns.webp","filter-category-width":1,"filter-category-height":1,"products-listing-new":"https:\/\/www.nwcmotorsports.ca\/wp-content\/uploads\/2021\/05\/placeholder-featbtns.webp","products-listing-new-width":1,"products-listing-new-height":1,"products-gallery":"https:\/\/www.nwcmotorsports.ca\/wp-content\/uploads\/2021\/05\/placeholder-featbtns.webp","products-gallery-width":1,"products-gallery-height":1,"promos-details":"https:\/\/www.nwcmotorsports.ca\/wp-content\/uploads\/2021\/05\/placeholder-featbtns.webp","promos-details-width":1,"promos-details-height":1,"promos-listing":"https:\/\/www.nwcmotorsports.ca\/wp-content\/uploads\/2021\/05\/placeholder-featbtns.webp","promos-listing-width":1,"promos-listing-height":1,"relative-product-article":"https:\/\/www.nwcmotorsports.ca\/wp-content\/uploads\/2021\/05\/placeholder-featbtns.webp","relative-product-article-width":1,"relative-product-article-height":1,"relative-product-event":"https:\/\/www.nwcmotorsports.ca\/wp-content\/uploads\/2021\/05\/placeholder-featbtns.webp","relative-product-event-width":1,"relative-product-event-height":1,"relative-product-new":"https:\/\/www.nwcmotorsports.ca\/wp-content\/uploads\/2021\/05\/placeholder-featbtns.webp","relative-product-new-width":1,"relative-product-new-height":1,"relative-product-promo":"https:\/\/www.nwcmotorsports.ca\/wp-content\/uploads\/2021\/05\/placeholder-featbtns.webp","relative-product-promo-width":1,"relative-product-promo-height":1,"slider-main":"https:\/\/www.nwcmotorsports.ca\/wp-content\/uploads\/2021\/05\/placeholder-featbtns.webp","slider-main-width":1,"slider-main-height":1,"slider-main-mobile":"https:\/\/www.nwcmotorsports.ca\/wp-content\/uploads\/2021\/05\/placeholder-featbtns.webp","slider-main-mobile-width":1,"slider-main-mobile-height":1,"slider-main-fullwidth":"https:\/\/www.nwcmotorsports.ca\/wp-content\/uploads\/2021\/05\/placeholder-featbtns.webp","slider-main-fullwidth-width":1,"slider-main-fullwidth-height":1,"slider-main-fullwidth-narrow":"https:\/\/www.nwcmotorsports.ca\/wp-content\/uploads\/2021\/05\/placeholder-featbtns.webp","slider-main-fullwidth-narrow-width":1,"slider-main-fullwidth-narrow-height":1,"map-footer":"https:\/\/www.nwcmotorsports.ca\/wp-content\/uploads\/2021\/05\/placeholder-featbtns.webp","map-footer-width":1,"map-footer-height":1,"map-footer-mobile":"https:\/\/www.nwcmotorsports.ca\/wp-content\/uploads\/2021\/05\/placeholder-featbtns.webp","map-footer-mobile-width":1,"map-footer-mobile-height":1,"map-footer-fullwidth":"https:\/\/www.nwcmotorsports.ca\/wp-content\/uploads\/2021\/05\/placeholder-featbtns.webp","map-footer-fullwidth-width":1,"map-footer-fullwidth-height":1,"map-footer-fullwidth-narrow":"https:\/\/www.nwcmotorsports.ca\/wp-content\/uploads\/2021\/05\/placeholder-featbtns.webp","map-footer-fullwidth-narrow-width":1,"map-footer-fullwidth-narrow-height":1,"team-listing":"https:\/\/www.nwcmotorsports.ca\/wp-content\/uploads\/2021\/05\/placeholder-featbtns.webp","team-listing-width":1,"team-listing-height":1,"team-sidebar":"https:\/\/www.nwcmotorsports.ca\/wp-content\/uploads\/2021\/05\/placeholder-featbtns.webp","team-sidebar-width":1,"team-sidebar-height":1,"history-timeline":"https:\/\/www.nwcmotorsports.ca\/wp-content\/uploads\/2021\/05\/placeholder-featbtns.webp","history-timeline-width":1,"history-timeline-height":1,"automatic-popup":"https:\/\/www.nwcmotorsports.ca\/wp-content\/uploads\/2021\/05\/placeholder-featbtns.webp","automatic-popup-width":1,"automatic-popup-height":1,"wc-feat-brands":"https:\/\/www.nwcmotorsports.ca\/wp-content\/uploads\/2021\/05\/placeholder-featbtns.webp","wc-feat-brands-width":1,"wc-feat-brands-height":1,"wc-products-details-brands":"https:\/\/www.nwcmotorsports.ca\/wp-content\/uploads\/2021\/05\/placeholder-featbtns.webp","wc-products-details-brands-width":1,"wc-products-details-brands-height":1}},"promotion_section":{"value":"general","label":"G\u00e9n\u00e9ral"},"promotion_video":"","contact_form_custom_form_id":false,"contact_form_custom_html_id":""},"_links":{"self":[{"href":"https:\/\/www.nwcmotorsports.ca\/fr\/wp-json\/wp\/v2\/pages\/348"}],"collection":[{"href":"https:\/\/www.nwcmotorsports.ca\/fr\/wp-json\/wp\/v2\/pages"}],"about":[{"href":"https:\/\/www.nwcmotorsports.ca\/fr\/wp-json\/wp\/v2\/types\/page"}],"author":[{"embeddable":true,"href":"https:\/\/www.nwcmotorsports.ca\/fr\/wp-json\/wp\/v2\/users\/1"}],"replies":[{"embeddable":true,"href":"https:\/\/www.nwcmotorsports.ca\/fr\/wp-json\/wp\/v2\/comments?post=348"}],"version-history":[{"count":9,"href":"https:\/\/www.nwcmotorsports.ca\/fr\/wp-json\/wp\/v2\/pages\/348\/revisions"}],"predecessor-version":[{"id":32505,"href":"https:\/\/www.nwcmotorsports.ca\/fr\/wp-json\/wp\/v2\/pages\/348\/revisions\/32505"}],"wp:attachment":[{"href":"https:\/\/www.nwcmotorsports.ca\/fr\/wp-json\/wp\/v2\/media?parent=348"}],"curies":[{"name":"wp","href":"https:\/\/api.w.org\/{rel}","templated":true}]}}